{"id":528,"date":"2017-06-16T16:41:25","date_gmt":"2017-06-16T14:41:25","guid":{"rendered":"http:\/\/www.neunburg-stockschuetzen.de\/wp\/?page_id=528"},"modified":"2017-06-16T16:41:25","modified_gmt":"2017-06-16T14:41:25","slug":"sommersaison-2015","status":"publish","type":"page","link":"https:\/\/www.neunburg-stockschuetzen.de\/wp\/sommersaison-2015\/","title":{"rendered":"Sommersaison 2015"},"content":{"rendered":"<table border=\"1\" width=\"99%\" cellspacing=\"2\" cellpadding=\"5\" align=\"left\">\n<tbody>\n<tr>\n<td colspan=\"4\" valign=\"top\" bgcolor=\"#66ff66\" height=\"20\">Sommersaison 2015<\/td>\n<\/tr>\n<tr>\n<td valign=\"top\" bgcolor=\"#ffffcc\" height=\"20\"><\/td>\n<td valign=\"top\" bgcolor=\"#ffffcc\"><strong>Ende Sommersaison<\/strong><\/td>\n<td valign=\"top\" bgcolor=\"#ffffcc\"><\/td>\n<td valign=\"top\" bgcolor=\"#ffffcc\">\u00a0<strong>2015<\/strong><\/td>\n<\/tr>\n<tr>\n<td valign=\"top\" bgcolor=\"#ffffcc\" height=\"20\">\n<div>20.09.2015<\/div>\n<\/td>\n<td valign=\"top\" bgcolor=\"#ffffcc\">\n<div><strong>Bezirksmeisterschaft Zielschie\u00dfen<\/strong><strong><br \/>\n<\/strong><\/div>\n<div>in Untertraubenbach<\/div>\n<\/td>\n<td valign=\"top\" bgcolor=\"#ffffcc\">2.Platz<\/p>\n<p>12.Platz<\/td>\n<td valign=\"top\" bgcolor=\"#ffffcc\">\n<div>R\u00f6tzer Sonja<\/div>\n<div><\/div>\n<div>Haas Klaus<\/div>\n<\/td>\n<\/tr>\n<tr>\n<td valign=\"top\" bgcolor=\"#ffffcc\" height=\"20\">05.09.2015<\/p>\n<p><img loading=\"lazy\" decoding=\"async\" src=\"http:\/\/neunburg-stockschuetzen.de\/web\/media\/download_gallery\/DM-Ziel%202015.jpg\" alt=\"\" width=\"100\" height=\"56\" \/><\/td>\n<td valign=\"top\" bgcolor=\"#ffffcc\">\n<div><strong>Deutsche Meisterschaft Zielschie\u00dfen<\/strong><\/div>\n<div>in K\u00fchbach<\/div>\n<\/td>\n<td valign=\"top\" bgcolor=\"#ffffcc\">3.Platz<\/td>\n<td valign=\"top\" bgcolor=\"#ffffcc\">\n<div>Zimmermann Bettina<\/div>\n<\/td>\n<\/tr>\n<tr>\n<td valign=\"top\" bgcolor=\"#ffffcc\" height=\"20\">\n<div>26.07.2015<\/div>\n<\/td>\n<td valign=\"top\" bgcolor=\"#ffffcc\">\n<div><strong>Bayernpokal Damen<\/strong><\/div>\n<div>in K\u00fchbach<\/div>\n<\/td>\n<td valign=\"top\" bgcolor=\"#ffffcc\">9.Platz<\/td>\n<td valign=\"top\" bgcolor=\"#ffffcc\">\n<div>Greil Renate, Zimmermann Bettina,Hilz Maria, Graf Margit<\/div>\n<\/td>\n<\/tr>\n<tr>\n<td valign=\"top\" bgcolor=\"#ffffcc\" height=\"20\">\n<div>19.07.2015<\/div>\n<div><img loading=\"lazy\" decoding=\"async\" src=\"http:\/\/neunburg-stockschuetzen.de\/web\/media\/download_gallery\/Bayernpokal%20Mixed.jpg\" alt=\"\" width=\"100\" height=\"93\" \/><\/div>\n<\/td>\n<td valign=\"top\" bgcolor=\"#ffffcc\">\n<div><strong>Bayernpokal Mixed<\/strong><\/div>\n<div>in Waldkirchen<\/div>\n<\/td>\n<td valign=\"top\" bgcolor=\"#ffffcc\">2.Platz<\/td>\n<td valign=\"top\" bgcolor=\"#ffffcc\">\n<div>Greil Renate,Zimmermann Bettina,Dirnberger Andreas,Steininger Ralf<\/div>\n<\/td>\n<\/tr>\n<tr>\n<td valign=\"top\" bgcolor=\"#ffffcc\" height=\"20\">\n<div>12.07.2015<\/div>\n<div><\/div>\n<div><img loading=\"lazy\" decoding=\"async\" src=\"http:\/\/neunburg-stockschuetzen.de\/web\/media\/download_gallery\/Aufstieg.jpg\" alt=\"\" width=\"100\" height=\"56\" \/><\/div>\n<\/td>\n<td valign=\"top\" bgcolor=\"#ffffcc\">\n<div>\n<div>\n<div><strong>Kreisklasse C Herren<\/strong><strong>\u00a0<\/strong><\/div>\n<\/div>\n<div>in Oberviechtach<\/div>\n<\/div>\n<\/td>\n<td valign=\"top\" bgcolor=\"#ffffcc\">3.Platz<\/td>\n<td valign=\"top\" bgcolor=\"#ffffcc\">\n<div>Kremel Rudi,Gottschall Peter,Schuhbauer Lothar,Schreiner Josef<\/div>\n<div><\/div>\n<div><strong>Aufstieg in die Kreisklasse B<\/strong><\/div>\n<\/td>\n<\/tr>\n<tr>\n<td valign=\"top\" bgcolor=\"#ffffcc\" height=\"20\">\n<div>11.07.2015<\/div>\n<\/td>\n<td valign=\"top\" bgcolor=\"#ffffcc\">\n<div>\n<div><strong>Kreisklasse A Herren\u00a0<\/strong><\/div>\n<div>in M\u00fcnchshofen<\/div>\n<\/div>\n<\/td>\n<td valign=\"top\" bgcolor=\"#ffffcc\">6.Platz<\/p>\n<p>&nbsp;<\/p>\n<p>9.Platz<\/p>\n<p>&nbsp;<\/td>\n<td valign=\"top\" bgcolor=\"#ffffcc\">\n<div>Ruhland Christian,Keilhammer G\u00fcnther,Zimmermann Josef,Eckl Daniel<\/div>\n<div><\/div>\n<div>Hoffmann Fritz,Spiegler Karl-Heinz,Str\u00f6bert Karl-Heinz,Wolf Rene,Schmid Michael<\/div>\n<div><\/div>\n<div><strong>Beide Klassenerhalt geschafft<\/strong><\/div>\n<\/td>\n<\/tr>\n<tr>\n<td valign=\"top\" bgcolor=\"#ffffcc\" height=\"20\">\n<div>11.07.2015<\/div>\n<\/td>\n<td valign=\"top\" bgcolor=\"#ffffcc\">\n<div>\n<div><strong>Kreisliga Herren\u00a0<\/strong><\/div>\n<div>in Leonberg<\/div>\n<\/div>\n<\/td>\n<td valign=\"top\" bgcolor=\"#ffffcc\">12.Platz<\/td>\n<td valign=\"top\" bgcolor=\"#ffffcc\">\n<div>Steininger Hans, Schwindler Hans, Breu Ludwig, Schmid Edi<\/div>\n<div><\/div>\n<div><strong>Abstieg in die Kreisklase A<\/strong><\/div>\n<div><\/div>\n<\/td>\n<\/tr>\n<tr>\n<td valign=\"top\" bgcolor=\"#ffffcc\" height=\"20\">\n<div>05.07.2015<\/div>\n<\/td>\n<td valign=\"top\" bgcolor=\"#ffffcc\">\n<div>\n<div>\n<div><strong>Landesliga Damen\u00a0<\/strong><\/div>\n<div>in Untertraubenbach<\/div>\n<\/div>\n<\/div>\n<\/td>\n<td valign=\"top\" bgcolor=\"#ffffcc\">5.Platz<\/td>\n<td valign=\"top\" bgcolor=\"#ffffcc\">\n<div>Graf Margit, Schwindler Traudl, Junglas Christa, R\u00f6tzer Sonja und Janina<\/div>\n<div><\/div>\n<div>Klassenerhalt<\/div>\n<\/td>\n<\/tr>\n<tr>\n<td valign=\"top\" bgcolor=\"#ffffcc\" height=\"20\">\n<div>05.07.2015<\/div>\n<\/td>\n<td valign=\"top\" bgcolor=\"#ffffcc\">\n<div>\n<div>\n<div><strong>Landesliga Herren<\/strong><strong>\u00a0<\/strong><\/div>\n<div>in Schorndorf<\/div>\n<\/div>\n<\/div>\n<\/td>\n<td valign=\"top\" bgcolor=\"#ffffcc\">5.Platz<\/td>\n<td valign=\"top\" bgcolor=\"#ffffcc\">\n<div>Eckl Michael jun. Schreiner Christoph, Haberl Bernd, Haas Klaus<\/div>\n<div><\/div>\n<div><strong>Klassenerhalt<\/strong><\/div>\n<\/td>\n<\/tr>\n<tr>\n<td valign=\"top\" bgcolor=\"#ffffcc\" height=\"20\">\n<div>28.06.2015<\/div>\n<div><img loading=\"lazy\" decoding=\"async\" src=\"http:\/\/neunburg-stockschuetzen.de\/web\/media\/download_gallery\/Bayernliga%202015.jpg\" alt=\"\" width=\"100\" height=\"56\" \/><\/div>\n<\/td>\n<td valign=\"top\" bgcolor=\"#ffffcc\">\n<div>\n<div>\n<div><strong>Bayernliga Damen\u00a0<\/strong><\/div>\n<div>in Plattling<\/div>\n<\/div>\n<\/div>\n<\/td>\n<td valign=\"top\" bgcolor=\"#ffffcc\">2.Platz<\/td>\n<td valign=\"top\" bgcolor=\"#ffffcc\">\n<div>Greil Renate, Hilz Maria, Schambeck Sandra, Zimmermann Bettina<\/div>\n<div><\/div>\n<div><strong>Aufstieg in die Bundesliga<\/strong><\/div>\n<\/td>\n<\/tr>\n<tr>\n<td valign=\"top\" bgcolor=\"#ffffcc\" height=\"20\">\n<div>27.06.2015<\/div>\n<\/td>\n<td valign=\"top\" bgcolor=\"#ffffcc\">\n<div>\n<div>\n<div><strong>Bayernliga Herren<\/strong><\/div>\n<div>in Untertraubenbach<\/div>\n<\/div>\n<\/div>\n<\/td>\n<td valign=\"top\" bgcolor=\"#ffffcc\">11.Platz<\/td>\n<td valign=\"top\" bgcolor=\"#ffffcc\">\n<div>Steininger Ralf, Dirnberger Andreas, Weindler Max, Hartinger Stefan<\/div>\n<div>Abstieg in die Oberliga<\/div>\n<\/td>\n<\/tr>\n<tr>\n<td valign=\"top\" bgcolor=\"#ffffcc\" height=\"20\">\n<div>21.06.2015<\/div>\n<div><img loading=\"lazy\" decoding=\"async\" src=\"http:\/\/neunburg-stockschuetzen.de\/web\/media\/download_gallery\/BezPokal%20Mixed.jpg\" alt=\"\" width=\"100\" height=\"73\" \/><\/div>\n<\/td>\n<td valign=\"top\" bgcolor=\"#ffffcc\">\n<div>\n<div><strong>Bezirkspokal Mixed<\/strong><\/div>\n<div>in Untertraubenbach<\/div>\n<\/div>\n<\/td>\n<td valign=\"top\" bgcolor=\"#ffffcc\">3.Platz<\/td>\n<td valign=\"top\" bgcolor=\"#ffffcc\">\n<div>Greil Renate, Zimmermann Bettina, Dirnberger Andreas, Hartinger Stefan<\/div>\n<div><strong>Quali. f\u00fcr Bayernpokal<\/strong><\/div>\n<div><\/div>\n<\/td>\n<\/tr>\n<tr>\n<td valign=\"top\" bgcolor=\"#ffffcc\" height=\"20\">\n<div>31.05.2015<\/div>\n<\/td>\n<td valign=\"top\" bgcolor=\"#ffffcc\">\n<div><strong>Bezirkspokal Damen<\/strong><\/div>\n<div>in Schorndorf<\/div>\n<\/td>\n<td valign=\"top\" bgcolor=\"#ffffcc\">2.Platz<\/p>\n<p>&nbsp;<\/p>\n<p>9.Platz<\/td>\n<td valign=\"top\" bgcolor=\"#ffffcc\">\n<div>Greil Renate, Hilz Maria, Schambeck Sandra, Zimmermann Bettina<\/div>\n<div><strong>Quali. f\u00fcr Bayernpokal<\/strong><\/div>\n<div><\/div>\n<div>Artmann Katharina, Graf Margit, K\u00e4sbauer Michaela, R\u00f6tzer Sonja<\/div>\n<\/td>\n<\/tr>\n<tr>\n<td valign=\"top\" bgcolor=\"#ffffcc\" height=\"20\">\n<div>31.05.2015<\/div>\n<\/td>\n<td valign=\"top\" bgcolor=\"#ffffcc\">\n<div><strong>Bezirkspokal Herren<\/strong><\/div>\n<div>in Irnsing<\/div>\n<\/td>\n<td valign=\"top\" bgcolor=\"#ffffcc\">6.Platz<\/td>\n<td valign=\"top\" bgcolor=\"#ffffcc\">\n<div>Dirnberger Andreas, Weindler Max, Steininger Ralf, Hartinger Stefan<\/div>\n<\/td>\n<\/tr>\n<tr>\n<td valign=\"top\" bgcolor=\"#ffffcc\" height=\"20\">\n<div>16.05.2015<\/div>\n<\/td>\n<td valign=\"top\" bgcolor=\"#ffffcc\">\n<div><strong>Kreismeisterschaft Zielschie\u00dfen\u00a0<\/strong><\/div>\n<div>in Nabburg<\/div>\n<\/td>\n<td valign=\"top\" bgcolor=\"#ffffcc\">\n<div>\n<div>1.Platz<\/div>\n<div><\/div>\n<\/div>\n<div>2.Platz<\/div>\n<div><\/div>\n<div><\/div>\n<div>1.Platz<\/div>\n<div><\/div>\n<div>3.Platz<\/div>\n<div><\/div>\n<div>9.Platz<\/div>\n<div><\/div>\n<div>10.Platz<\/div>\n<div><\/div>\n<div>12.Platz<\/div>\n<div><\/div>\n<div><\/div>\n<div><\/div>\n<div>6.Platz<\/div>\n<div><\/div>\n<div>23.Platz<\/div>\n<div><\/div>\n<div>33.Platz<\/div>\n<div><\/div>\n<div>61.Platz<\/div>\n<div><\/div>\n<div><\/div>\n<\/td>\n<td valign=\"top\" bgcolor=\"#ffffcc\">\n<div>Zimmermann Bettina ( U19w) 76 Punkte<\/div>\n<div><\/div>\n<div>Wolf Rene( U19m) \u00a0 \u00a0 \u00a0 \u00a0 \u00a0 \u00a0 \u00a0 \u00a0 \u00a0 84 Punkte<\/div>\n<div>Damen:<\/div>\n<div><\/div>\n<div>R\u00f6tzer Sonja \u00a0 \u00a0 \u00a0 \u00a0 \u00a0 \u00a0 \u00a0140 Punkte<\/div>\n<div><\/div>\n<div>Gottschall Corinna \u00a0 \u00a0 113 Punkte<\/div>\n<div><\/div>\n<div>K\u00e4sbauer Michaela \u00a0 \u00a0 93 Punkte<\/div>\n<div><\/div>\n<div>Graf Margit \u00a0 \u00a0 \u00a0 \u00a0 \u00a0 \u00a0 \u00a0 \u00a0 \u00a0 90 Punkte<\/div>\n<div><\/div>\n<div>Schambeck Sandra \u00a0 \u00a0 69 Punkte<\/div>\n<div>Herren:<\/div>\n<div><\/div>\n<div>Haas Klaus \u00a0 \u00a0 \u00a0 \u00a0 \u00a0 \u00a0 \u00a0 \u00a0 132 Punkte<\/div>\n<div><\/div>\n<div>Weindler Max \u00a0 \u00a0 \u00a0 \u00a0 \u00a0 \u00a0 \u00a0104 Punkte<\/div>\n<div><\/div>\n<div>Dirnberger Andreas \u00a0 \u00a0 \u00a095 Punkte<\/div>\n<div><\/div>\n<div>Steininger Ralf \u00a0 \u00a0 \u00a0 \u00a0 \u00a0 \u00a0 \u00a0 68 Punkte<\/div>\n<div><\/div>\n<\/td>\n<\/tr>\n<tr>\n<td valign=\"top\" bgcolor=\"#ffffcc\" height=\"20\">\n<div>15.05.2015<\/div>\n<\/td>\n<td valign=\"top\" bgcolor=\"#ffffcc\">\n<div><strong>Kreispokal Senioren \u00dc60\u00a0<\/strong><\/div>\n<div>in Heselbach<\/div>\n<\/td>\n<td valign=\"top\" bgcolor=\"#ffffcc\">&nbsp;<\/p>\n<p>8.Platz<\/td>\n<td valign=\"top\" bgcolor=\"#ffffcc\">\n<div>Steininger Hans, Michael Eckl sen. , Dorrer Hans, Karl Georg<\/div>\n<\/td>\n<\/tr>\n<tr>\n<td valign=\"top\" bgcolor=\"#ffffcc\" height=\"20\">\n<div>09.05.2015<\/div>\n<\/td>\n<td valign=\"top\" bgcolor=\"#ffffcc\">\n<div><strong>Kreispokal Senioren \u00dc50\u00a0<\/strong><\/div>\n<div>in Neunburg<\/div>\n<\/td>\n<td valign=\"top\" bgcolor=\"#ffffcc\">&nbsp;<\/p>\n<p>4.Platz<\/td>\n<td valign=\"top\" bgcolor=\"#ffffcc\">\n<div>Steininger Hans, Schwindler Hans, Schmid Edi, Breu Ludwig<\/div>\n<\/td>\n<\/tr>\n<tr>\n<td valign=\"top\" bgcolor=\"#ffffcc\" height=\"20\">\n<div>02.05.2015<\/div>\n<div><\/div>\n<div><\/div>\n<div><img loading=\"lazy\" decoding=\"async\" src=\"http:\/\/neunburg-stockschuetzen.de\/web\/media\/download_gallery\/KP-Mixed.jpg\" alt=\"\" width=\"100\" height=\"75\" \/><\/div>\n<div><\/div>\n<\/td>\n<td valign=\"top\" bgcolor=\"#ffffcc\">\n<div><strong>Kreispokal Mixed\u00a0<\/strong><\/div>\n<div>in Pfreimd<\/div>\n<div>qual. f\u00fcr BezPokal<\/div>\n<\/td>\n<td valign=\"top\" bgcolor=\"#ffffcc\">1.Platz<\/p>\n<p>&nbsp;<\/p>\n<p>&nbsp;<\/p>\n<p>3.Platz<\/p>\n<p>&nbsp;<\/p>\n<p>&nbsp;<\/p>\n<p>8.Platz<\/td>\n<td valign=\"top\" bgcolor=\"#ffffcc\">\n<div><\/div>\n<div>Greil Renate, Zimmermann Bettina, Dirnberger Andreas, Hartinger Stefan<\/div>\n<div><\/div>\n<div><\/div>\n<div><\/div>\n<div>Graf Margit, Junglas Christa, Eckl Michael jun., Schreiner Christoph<\/div>\n<div><\/div>\n<div><\/div>\n<div>Ruhland Christian, Eckl Daniel, Meier Nadja, R\u00f6tzer Janina<\/div>\n<\/td>\n<\/tr>\n<tr>\n<td valign=\"top\" bgcolor=\"#ffffcc\" height=\"20\">\n<div>26.04.2015<\/div>\n<div><\/div>\n<div><\/div>\n<div><img loading=\"lazy\" decoding=\"async\" src=\"http:\/\/neunburg-stockschuetzen.de\/web\/media\/download_gallery\/KP-Damen.jpg\" alt=\"\" width=\"100\" height=\"75\" \/><\/div>\n<div><\/div>\n<\/td>\n<td valign=\"top\" bgcolor=\"#ffffcc\">\n<div><strong>Kreispokal Damen<\/strong><\/div>\n<div>in Penting<\/div>\n<div><\/div>\n<div>beide qual. f\u00fcr BezPokal<\/div>\n<\/td>\n<td valign=\"top\" bgcolor=\"#ffffcc\">&nbsp;<\/p>\n<p>1.Platz<\/p>\n<p>&nbsp;<\/p>\n<p>&nbsp;<\/p>\n<p>3.Platz<\/p>\n<p>&nbsp;<\/p>\n<p>&nbsp;<\/p>\n<p>4.Platz<\/p>\n<p>&nbsp;<\/td>\n<td valign=\"top\" bgcolor=\"#ffffcc\">\n<div><\/div>\n<div>Greil Renate, Zimmermann Bettina, Hilz Maria, Schambeck Sandra<\/div>\n<div><\/div>\n<div><\/div>\n<div><\/div>\n<div>Artmann Katharina, K\u00e4sbauer Michaela, R\u00f6tzer Janina, Gottschall Corinna<\/div>\n<div><\/div>\n<div>Graf Margit, Schwindler Traudl, Junglas Christa, R\u00f6tzer Sonja<\/div>\n<\/td>\n<\/tr>\n<tr>\n<td valign=\"top\" bgcolor=\"#ffffcc\" height=\"20\">\n<div>25.04.2015<\/div>\n<div><\/div>\n<div><img loading=\"lazy\" decoding=\"async\" src=\"http:\/\/neunburg-stockschuetzen.de\/web\/media\/download_gallery\/KP-Herren.jpg\" alt=\"\" width=\"100\" height=\"75\" \/><\/div>\n<div><\/div>\n<\/td>\n<td valign=\"top\" bgcolor=\"#ffffcc\">\n<div><strong>Kreispokal Herren\u00a0<\/strong><\/div>\n<div>in Teublitz<\/div>\n<div>qual. f\u00fcr BezPokal<\/div>\n<div><\/div>\n<\/td>\n<td valign=\"top\" bgcolor=\"#ffffcc\">1.Platz<\/td>\n<td valign=\"top\" bgcolor=\"#ffffcc\">\n<div>Dirnberger Andreas, Steininger Ralf, Hartinger Stefan, Weindler Max<\/div>\n<\/td>\n<\/tr>\n<\/tbody>\n<\/table>\n","protected":false},"excerpt":{"rendered":"<p>Sommersaison 2015 Ende Sommersaison \u00a02015 20.09.2015 Bezirksmeisterschaft Zielschie\u00dfen in Untertraubenbach 2.Platz 12.Platz R\u00f6tzer Sonja Haas Klaus 05.09.2015 Deutsche Meisterschaft Zielschie\u00dfen in K\u00fchbach 3.Platz Zimmermann Bettina 26.07.2015 Bayernpokal Damen in K\u00fchbach 9.Platz Greil Renate, Zimmermann Bettina,Hilz Maria, Graf Margit 19.07.2015 Bayernpokal Mixed in Waldkirchen 2.Platz Greil Renate,Zimmermann Bettina,Dirnberger Andreas,Steininger Ralf 12.07.2015 Kreisklasse C Herren\u00a0 in Oberviechtach [&hellip;]<\/p>\n","protected":false},"author":2,"featured_media":0,"parent":0,"menu_order":0,"comment_status":"closed","ping_status":"closed","template":"","meta":{"footnotes":""},"class_list":["post-528","page","type-page","status-publish","hentry","gallery-content-unit","post-preview"],"_links":{"self":[{"href":"https:\/\/www.neunburg-stockschuetzen.de\/wp\/wp-json\/wp\/v2\/pages\/528"}],"collection":[{"href":"https:\/\/www.neunburg-stockschuetzen.de\/wp\/wp-json\/wp\/v2\/pages"}],"about":[{"href":"https:\/\/www.neunburg-stockschuetzen.de\/wp\/wp-json\/wp\/v2\/types\/page"}],"author":[{"embeddable":true,"href":"https:\/\/www.neunburg-stockschuetzen.de\/wp\/wp-json\/wp\/v2\/users\/2"}],"replies":[{"embeddable":true,"href":"https:\/\/www.neunburg-stockschuetzen.de\/wp\/wp-json\/wp\/v2\/comments?post=528"}],"version-history":[{"count":1,"href":"https:\/\/www.neunburg-stockschuetzen.de\/wp\/wp-json\/wp\/v2\/pages\/528\/revisions"}],"predecessor-version":[{"id":530,"href":"https:\/\/www.neunburg-stockschuetzen.de\/wp\/wp-json\/wp\/v2\/pages\/528\/revisions\/530"}],"wp:attachment":[{"href":"https:\/\/www.neunburg-stockschuetzen.de\/wp\/wp-json\/wp\/v2\/media?parent=528"}],"curies":[{"name":"wp","href":"https:\/\/api.w.org\/{rel}","templated":true}]}}